{"id":25976,"date":"2024-12-03T12:59:50","date_gmt":"2024-12-03T11:59:50","guid":{"rendered":"https:\/\/www.schirn.de\/oeffnungszeiten\/"},"modified":"2025-12-09T10:00:10","modified_gmt":"2025-12-09T09:00:10","slug":"opening-hours","status":"publish","type":"page","link":"https:\/\/staging.schirn.de\/en\/opening-hours\/","title":{"rendered":"Opening hours"},"content":{"rendered":"<section class='wp-block-ho-pattern header-text-und-bild toggle-optional-button' data-pattern='ho\/header-text-und-bild-klein-option-button'>\n\n<div  class='margin-bottom-7'>\n\n<div  class='container-fluid'>\n\n<div  class='row'>\n\n<div  class='col col-xs-12 col-md-6 mobile-margin-bottom-5'>\n\n<div  class='margin-bottom-4'>\n<h1 class='ho-sd-h1' style=\"white-space: normal;\">Opening hours<\/h1>\n<\/div>\n\n\n\n\n<div  class='header-text-und-bild-klein-text-area'>\t<p class='ho-sd-body'><br><br>Whether during the week or on the weekend \u2013 we look forward to welcoming you<\/p>\n<\/div>\n\n\n\n\n<div  class='ho-pattern-optional-button padding-top-4 mobile-margin-bottom-5'>\n\n<div  class='wp-block-ho-buttons '>\n<div class=\"wp-block-ho-buttons-item\">\n\t<a href=\"\"  target=\"\" role=\"button\" aria-pressed=\"false\" rel=\"nofollow\" class=\"ho-button is-primary\">\n\t\t\t\t<span class=\"ho-button-label \">Lorem Ipsum<\/span>\n\t<\/a>\n<\/div>\n<\/div>\n<\/div>\n<\/div>\n\n\n\n\n<div  class='col col-md-4 col-xs-7 col-xs-offset-5 col-md-offset-2'>\n\n<div  class='header-text-und-bild-klein-image-area'>\n<div class=\"wp-block wp-block-ho-flash \" style=\"\">\n\n\t\t\t\t\t\t\t\t<div class=\"flash-animation-data\" data-animations='[{\"id\":\"full\",\"name\":\"Full\",\"types\":[{\"name\":\"y\",\"start\":\"-5\",\"end\":\"5\"}]},{\"id\":\"in\",\"name\":\"In\",\"types\":[]},{\"id\":\"out\",\"name\":\"Out\",\"types\":[]}]' data-target=\".lazy-media-contents\" data-animationsmobile='[{\"id\":\"full\",\"name\":\"Full\",\"types\":[{\"name\":\"y\",\"start\":\"-5\",\"end\":\"5\"}]},{\"id\":\"in\",\"name\":\"In\",\"types\":[]},{\"id\":\"out\",\"name\":\"Out\",\"types\":[]}]'>\n\t\t\t\t\t<flash-animation inline-template>\n\t\t\t\t\t\t<div class=\"flash-animation\" :class=\"classes\" ref=\"layer\">\n\t\t\t\t\t\t\t<figure itemscope itemtype=\"http:\/\/schema.org\/ImageObject\" class=\"lazy-media-inline \" role=\"group\" aria-describedby=\"media_FPeCjW\">\n<script type=\"application\/json\">{\n\"id\" : 844,\n\"sizes\" : {\"medium\":{\"file\":\"SCHIRN-REN_DSC7575-82-Ret_klein-250x300.jpg\",\"width\":250,\"height\":300,\"mime-type\":\"image\\\/jpeg\",\"filesize\":25059},\"medium_large\":{\"file\":\"SCHIRN-REN_DSC7575-82-Ret_klein-768x923.jpg\",\"width\":768,\"height\":923,\"mime-type\":\"image\\\/jpeg\",\"filesize\":179012},\"small\":{\"file\":\"SCHIRN-REN_DSC7575-82-Ret_klein-366x440.jpg\",\"width\":366,\"height\":440,\"mime-type\":\"image\\\/jpeg\",\"filesize\":48544},\"semi\":{\"file\":\"SCHIRN-REN_DSC7575-82-Ret_klein-483x580.jpg\",\"width\":483,\"height\":580,\"mime-type\":\"image\\\/jpeg\",\"filesize\":79795},\"mobile\":{\"file\":\"SCHIRN-REN_DSC7575-82-Ret_klein-599x720.jpg\",\"width\":599,\"height\":720,\"mime-type\":\"image\\\/jpeg\",\"filesize\":115825},\"original\":{\"file\":\"SCHIRN-REN_DSC7575-82-Ret_klein.jpg\",\"width\":852,\"height\":1024}},\n\"alt\" : \"Panoramic view of the Frankfurt am Main skyline, historic buildings, and the river.\",\n\"path\" : \"\\\/wp-content\\\/uploads\\\/2024\\\/09\\\/\",\n\"video\" : null,\n\"autoplay\" : null,\n\"youtube\" : null,\n\"youtubelabel\" : \"play\",\n\"brightness\" : 100,\n\"crop\" : {\"x\":0.5,\"y\":0.5},\n\"background\" : true,\n\"scale\" : 1,\n\"zoom\" : false,\n\"annotations\" : null}<\/script>\n<div class=\"height-container \" style=\"padding-bottom:56.25%;   \">\n\t<div class=\"height-container-contents lazy-media-contents\">\n\t\n\t<div class=\"lazy-media-preview\" style=\"background-image: url('data:image\/jpeg;base64,\/9j\/4AAQSkZJRgABAQEAYABgAAD\/\/gA7Q1JFQVRPUjogZ2QtanBlZyB2MS4wICh1c2luZyBJSkcgSlBFRyB2NjIpLCBxdWFsaXR5ID0gOTAK\/9sAQwADAgIDAgIDAwMDBAMDBAUIBQUEBAUKBwcGCAwKDAwLCgsLDQ4SEA0OEQ4LCxAWEBETFBUVFQwPFxgWFBgSFBUU\/9sAQwEDBAQFBAUJBQUJFA0LDRQUFBQUFBQUFBQUFBQUFBQUFBQUFBQUFBQUFBQUFBQUFBQUFBQUFBQUFBQUFBQUFBQU\/8AAEQgAHAAYAwEiAAIRAQMRAf\/EAB8AAAEFAQEBAQEBAAAAAAAAAAABAgMEBQYHCAkKC\/\/EALUQAAIBAwMCBAMFBQQEAAABfQECAwAEEQUSITFBBhNRYQcicRQygZGhCCNCscEVUtHwJDNicoIJChYXGBkaJSYnKCkqNDU2Nzg5OkNERUZHSElKU1RVVldYWVpjZGVmZ2hpanN0dXZ3eHl6g4SFhoeIiYqSk5SVlpeYmZqio6Slpqeoqaqys7S1tre4ubrCw8TFxsfIycrS09TV1tfY2drh4uPk5ebn6Onq8fLz9PX29\/j5+v\/EAB8BAAMBAQEBAQEBAQEAAAAAAAABAgMEBQYHCAkKC\/\/EALURAAIBAgQEAwQHBQQEAAECdwABAgMRBAUhMQYSQVEHYXETIjKBCBRCkaGxwQkjM1LwFWJy0QoWJDThJfEXGBkaJicoKSo1Njc4OTpDREVGR0hJSlNUVVZXWFlaY2RlZmdoaWpzdHV2d3h5eoKDhIWGh4iJipKTlJWWl5iZmqKjpKWmp6ipqrKztLW2t7i5usLDxMXGx8jJytLT1NXW19jZ2uLj5OXm5+jp6vLz9PX29\/j5+v\/aAAwDAQACEQMRAD8A1zd6FdRkrqEDDOCQ3Q1m366LDGX+0eZwTtjGTxXkHw31KLx8LuMOmkizVXKyf8tD7D1rtbS8gkllt7afz51xlgmN474969+Oe1rXpngLJqFXWZ0S6Zp93aLcRyBUYZw\/BFFYkepmGby5rORIppNo8zIIPrRWzz7FLdIy\/sHDva556\/iS2Ol3mvW9sltaRqLez2jDSk9z61N4e1RJJbq7+1lGt4gFjVcfNjr+dY3xrmNhqvh7TbZEhsvtuPKQYHHSsvTbqeXVXgaZ\/LklCMB6bulfMVYPmVnax9VRd469T0sXVzLpqa1el73SZCQ0YkwyOByc+9FcNpFj\/a+ra7oU9zcDTreUukaSY5xRXoUaDqQUmebXrKnUcUf\/2Q=='); background-position: 50% 50%; height: 100%; width: 100%;\"><\/div>\n\n\t\t<lazy-media-inline inline-template>\n\t\t<div>\n\t\t\t<lazy-media :inline=\"true\" :alt=\"alt\" :sizes=\"sizes\" :scale=\"scale\" :zoom=\"zoom\" :brightness=\"brightness\" :path=\"path\" :video=\"video\" :autoplay=\"autoplay\" :youtube=\"youtube\" :crop=\"crop\" :youtubelabel=\"youtubelabel\" :annotations=\"annotations\" :background=\"background\" v-if=\"sizes\"><\/lazy-media>\n\t\t<\/div>\n\t<\/lazy-media-inline>\n\t\t\t<\/div>\n<\/div>\n\n\n\n\n\n\n<\/figure>\n\n\t\t\t\t\t\t\t\t<\/div>\n\t\t\t\t\t<\/flash-animation>\n\t\t\t\t<\/div>\n\t\t\t\t\n<\/div>\n<\/div>\n<\/div>\n<\/div>\n<\/div>\n<\/div>\n<\/section>\n\n<section class='wp-block-ho-pattern show-optional-headline' data-pattern='ho\/text-nennungen'>\n\n<div  class='margin-bottom-6'>\t<div class=\"wp-block-ho-lane-wrapper\" data-orientation=\"horizontal\" data-lane-item-count=\"2\">\n\t\t<div class=\"container-fluid \">\n\t\t\t<ul class=\"wp-block wp-block-ho-grid row\">\n\t\t\t\t\n<li class=\"wp-block-ho-lane-item col col-xs-12\">\n\n<div  class='margin-bottom-3'>\n\n<div class=\"wp-block-ho-div\">\t<p class='ho-sd-body-small'>Regular opening hours<\/p>\n<\/div>\n\n\n\n\n<div class=\"wp-block-ho-div\">\t<p class='ho-sd-body'>Monday: Closed<br>Tuesday: 10 AM \u2013 7 PM<br>Wednesday: 10 AM \u2013 10 PM<br>Thursday: 10 AM \u2013 7 PM<br>Friday: 10 AM \u2013 7 PM<br>Saturday: 10 AM \u2013 7 PM<br>Sunday: 10 AM \u2013 7 PM<\/p>\n<\/div>\n<\/div>\n<\/li>\n\n\n<li class=\"wp-block-ho-lane-item col col-xs-12\">\n\n<div  class='margin-bottom-3'>\n\n<div class=\"wp-block-ho-div\">\t<p class='ho-sd-body-small'>Special opening hours 2025<\/p>\n<\/div>\n\n\n\n\n<div class=\"wp-block-ho-div\">\t<p class='ho-sd-body'><strong>Christmas Eve<\/strong>, December 24, 2025: <strong>closed<\/strong><br><strong>Christmas Day<\/strong>, December 25, 2025: <strong>10\u202f AM \u202f\u2013\u202f10\u202f PM<\/strong><br><strong>Boxing Day<\/strong>, December 26, 2025: <strong>10 \u202fAM\u202f \u2013 \u202f7\u202f PM<\/strong><br><strong>New Year\u2019s Eve<\/strong>, December 31, 2025: <strong>10 AM \u202f\u2013\u202f 5\u202f PM<\/strong><br><strong>New Year\u2019s Day<\/strong>, January 1, 2026: <strong>11 AM \u202f\u2013\u202f 7\u202f PM<\/strong><\/p>\n<\/div>\n<\/div>\n<\/li>\n\n\t\t\t<\/ul>\n\t\t<\/div>\n\t<\/div>\n\t<\/div>\n<\/section>\n\n<section class='wp-block-ho-pattern ' data-pattern='ho\/text-kontakt'>\n\n<div  class='container-fluid padding-bottom-7'>\n\n<div  class='row'>\n\n<div  class='col col-xs-12 col-sm-6 col-sm-offset-6 col-md-4 col-md-offset-8'>\n<h2 class='ho-sd-h6' style=\"white-space: normal;\">Adress<\/h2>\n<\/div>\n\n\n\n\n<div  class='col col-xs-6 col-md-2 col-md-offset-8 col-sm-3 col-sm-offset-6'>\n\n<div  class='padding-top-2'>\t<p class='ho-sd-body-small'>SCHIRN KUNST\u00adHALLE FRANK\u00adFURT<br>Gabriel-Riesser-Weg 3<br>60325 Frankfurt am Main<\/p>\n<\/div>\n<\/div>\n\n\n\n\n<div  class='col col-xs-6 col-md-2 col-sm-3'>\n\n<div  class='padding-top-2'>\t<p class='ho-sd-body-small'><a href=\"welcome@schirn.de\">welcome@schirn.de<\/a><br><\/p>\n<\/div>\n<\/div>\n<\/div>\n<\/div>\n<\/section>\n\n<section class='wp-block-ho-pattern toggle-optional-headline show-optional-headline' data-pattern='ho\/teaser-unterseiten-grid-color-3er-option-headline'><div class=\"structure-content-color\" style=\"--content-color-foreground: var(--color-fg-text-black);--content-color-background: var(--color-highlight-highlight-01);color: var(--color-fg-text-black);background: var(--color-highlight-highlight-01);\">\n<div class='structure-content-color-content'>\n\n<div  class='margin-bottom-7 padding-top-7 padding-bottom-3'>\n\n<div  class='ho-pattern-optional-headline'>\n\n<div  class='container-fluid'>\n\n<div  class='row'>\n\n<div  class='col col-xs-12'>\n\n<div  class='margin-bottom-4'>\n<h3 class='ho-sd-h3' style=\"white-space: normal;\">Around the SCHIRN<\/h3>\n<\/div>\n<\/div>\n<\/div>\n<\/div>\n<\/div>\n\n\n\n\n<div  class='margin-bottom-5'>\t<div class=\"wp-block-ho-lane-wrapper\" data-orientation=\"horizontal\" data-lane-item-count=\"3\">\n\t\t<div class=\"container-fluid \">\n\t\t\t<ul class=\"wp-block wp-block-ho-grid row\">\n\t\t\t\t\n<li class=\"wp-block-ho-lane-item col margin-bottom-5 col-xs-12 col-md-4 image-border-radius-small\"><a href=\"https:\/\/staging.schirn.de\/en\/program\/groups\/\" class=\"wp-block-ho-teaser teaser teaser-page \">\n\t\n\n<div  class='teaser-grid-overlay-image'><div class=\"wp-block-ho-post-image \"><figure itemscope itemtype=\"http:\/\/schema.org\/ImageObject\" class=\"lazy-media-inline \" role=\"group\" aria-describedby=\"media_69ea0b0172389\">\n<script type=\"application\/json\">{\n\"id\" : 3353,\n\"sizes\" : {\"medium\":{\"file\":\"23.10.26_SCHIRN_Feininger_Opening_EK-643-200x300.jpg\",\"width\":200,\"height\":300,\"mime-type\":\"image\\\/jpeg\",\"filesize\":11389},\"large\":{\"file\":\"23.10.26_SCHIRN_Feininger_Opening_EK-643-683x1024.jpg\",\"width\":683,\"height\":1024,\"mime-type\":\"image\\\/jpeg\",\"filesize\":84096},\"medium_large\":{\"file\":\"23.10.26_SCHIRN_Feininger_Opening_EK-643-768x1152.jpg\",\"width\":768,\"height\":1152,\"mime-type\":\"image\\\/jpeg\",\"filesize\":103160},\"1536x1536\":{\"file\":\"23.10.26_SCHIRN_Feininger_Opening_EK-643-1024x1536.jpg\",\"width\":1024,\"height\":1536,\"mime-type\":\"image\\\/jpeg\",\"filesize\":174709},\"2048x2048\":{\"file\":\"23.10.26_SCHIRN_Feininger_Opening_EK-643-1365x2048.jpg\",\"width\":1365,\"height\":2048,\"mime-type\":\"image\\\/jpeg\",\"filesize\":306474},\"small\":{\"file\":\"23.10.26_SCHIRN_Feininger_Opening_EK-643-293x440.jpg\",\"width\":293,\"height\":440,\"mime-type\":\"image\\\/jpeg\",\"filesize\":20811},\"semi\":{\"file\":\"23.10.26_SCHIRN_Feininger_Opening_EK-643-387x580.jpg\",\"width\":387,\"height\":580,\"mime-type\":\"image\\\/jpeg\",\"filesize\":32714},\"mobile\":{\"file\":\"23.10.26_SCHIRN_Feininger_Opening_EK-643-480x720.jpg\",\"width\":480,\"height\":720,\"mime-type\":\"image\\\/jpeg\",\"filesize\":45894},\"hd\":{\"file\":\"23.10.26_SCHIRN_Feininger_Opening_EK-643-853x1280.jpg\",\"width\":853,\"height\":1280,\"mime-type\":\"image\\\/jpeg\",\"filesize\":124975},\"full\":{\"file\":\"23.10.26_SCHIRN_Feininger_Opening_EK-643-1280x1920.jpg\",\"width\":1280,\"height\":1920,\"mime-type\":\"image\\\/jpeg\",\"filesize\":268888},\"xxl\":{\"file\":\"23.10.26_SCHIRN_Feininger_Opening_EK-643-2699x4048.jpg\",\"width\":2699,\"height\":4048,\"mime-type\":\"image\\\/jpeg\",\"filesize\":1320806},\"original\":{\"file\":\"23.10.26_SCHIRN_Feininger_Opening_EK-643.jpg\",\"width\":2800,\"height\":4200}},\n\"alt\" : \"\",\n\"path\" : \"\\\/wp-content\\\/uploads\\\/2024\\\/10\\\/\",\n\"video\" : null,\n\"autoplay\" : null,\n\"youtube\" : null,\n\"youtubelabel\" : \"play\",\n\"brightness\" : 100,\n\"crop\" : {\"x\":0.5,\"y\":0.5},\n\"background\" : true,\n\"scale\" : 1,\n\"zoom\" : false,\n\"annotations\" : null}<\/script>\n<div class=\"height-container \" style=\"padding-bottom:100%;   \">\n\t<div class=\"height-container-contents lazy-media-contents\">\n\t\n\t<div class=\"lazy-media-preview\" style=\"background-image: url('data:image\/jpeg;base64,\/9j\/4AAQSkZJRgABAQEAYABgAAD\/\/gA7Q1JFQVRPUjogZ2QtanBlZyB2MS4wICh1c2luZyBJSkcgSlBFRyB2NjIpLCBxdWFsaXR5ID0gOTAK\/9sAQwADAgIDAgIDAwMDBAMDBAUIBQUEBAUKBwcGCAwKDAwLCgsLDQ4SEA0OEQ4LCxAWEBETFBUVFQwPFxgWFBgSFBUU\/9sAQwEDBAQFBAUJBQUJFA0LDRQUFBQUFBQUFBQUFBQUFBQUFBQUFBQUFBQUFBQUFBQUFBQUFBQUFBQUFBQUFBQUFBQU\/8AAEQgAJAAYAwEiAAIRAQMRAf\/EAB8AAAEFAQEBAQEBAAAAAAAAAAABAgMEBQYHCAkKC\/\/EALUQAAIBAwMCBAMFBQQEAAABfQECAwAEEQUSITFBBhNRYQcicRQygZGhCCNCscEVUtHwJDNicoIJChYXGBkaJSYnKCkqNDU2Nzg5OkNERUZHSElKU1RVVldYWVpjZGVmZ2hpanN0dXZ3eHl6g4SFhoeIiYqSk5SVlpeYmZqio6Slpqeoqaqys7S1tre4ubrCw8TFxsfIycrS09TV1tfY2drh4uPk5ebn6Onq8fLz9PX29\/j5+v\/EAB8BAAMBAQEBAQEBAQEAAAAAAAABAgMEBQYHCAkKC\/\/EALURAAIBAgQEAwQHBQQEAAECdwABAgMRBAUhMQYSQVEHYXETIjKBCBRCkaGxwQkjM1LwFWJy0QoWJDThJfEXGBkaJicoKSo1Njc4OTpDREVGR0hJSlNUVVZXWFlaY2RlZmdoaWpzdHV2d3h5eoKDhIWGh4iJipKTlJWWl5iZmqKjpKWmp6ipqrKztLW2t7i5usLDxMXGx8jJytLT1NXW19jZ2uLj5OXm5+jp6vLz9PX29\/j5+v\/aAAwDAQACEQMRAD8A96ttDjQZI5qw2jxkcLXnX7QXxkt\/hN4P88SbdQuz5cGBnb6t+FZP7NXxP1Xx34Me\/wBbvrdDJeNBaS3PymUfhXi8x9A9Nz0u70FHBIHNFeOQ\/tPSf8LY1Xwte6alvY6c5imuQ2SDnGfpRSdeENJSsaRpzqK8Vc8y\/a28Faz488f2ccUhTSbSLhXJwTXpfwqGlab8L7PQYtNlmmsGE7y7sBXznP0ql8Uvi1p3hjxBNBqsLCNkHksE3bvWuT8H+On1HRPEuo2wexsWG1POX5i3YAehrxJ163O4LZXPRWHgqftJL5nlX7RXga+0HxRe+KdH1Ge9OpP5lwkQwE9jRXsVz4ba+8NQxXji4uLkBpMdFB7UUU8ZJK1SKbMJUoX9yTRxn7TszLr+htwTtPWrXwlb7foeswzAPHlTtPqOaKK5Kv8Avnyf5Hu\/8y77vzO6sbuT+zkyQd5AOR2oooqo7HhS3P\/Z'); background-position: 50% 50%; height: 100%; width: 100%;\"><\/div>\n\n\t\t<lazy-media-inline inline-template>\n\t\t<div>\n\t\t\t<lazy-media :inline=\"true\" :alt=\"alt\" :sizes=\"sizes\" :scale=\"scale\" :zoom=\"zoom\" :brightness=\"brightness\" :path=\"path\" :video=\"video\" :autoplay=\"autoplay\" :youtube=\"youtube\" :crop=\"crop\" :youtubelabel=\"youtubelabel\" :annotations=\"annotations\" :background=\"background\" v-if=\"sizes\"><\/lazy-media>\n\t\t<\/div>\n\t<\/lazy-media-inline>\n\t\t\t<\/div>\n<\/div>\n\n\n\n\n\n\n<\/figure>\n\n\t\t<\/div>\n<\/div>\n\n\n<div  class='teaser-grid-overlay-text'>\n\n<div  class='teaser-grid-overlay-text-button'>\n\n<div  class='ho-button is-text is-large has-outgoing-link-icon-right'>\n\n<div  class='ho-button-icon icon-arrow-right'><\/div>\n\n\n<span class=\"ho-sd-teaser-headline-medium\">Groups<\/span><\/div>\n<\/div>\n<\/div>\n<\/a><\/li>\n\n\n<li class=\"wp-block-ho-lane-item col margin-bottom-5 col-xs-12 col-md-4 image-border-radius-small\"><a href=\"https:\/\/staging.schirn.de\/en\/accessibility\/\" class=\"wp-block-ho-teaser teaser teaser-page \">\n\t\n\n<div  class='teaser-grid-overlay-image'><div class=\"wp-block-ho-post-image \"><figure itemscope itemtype=\"http:\/\/schema.org\/ImageObject\" class=\"lazy-media-inline \" role=\"group\" aria-describedby=\"media_69ea0b017466c\">\n<script type=\"application\/json\">{\n\"id\" : 848,\n\"sizes\" : {\"medium\":{\"file\":\"SCHIRN-ROTUNDE-03-220x300.jpg\",\"width\":220,\"height\":300,\"mime-type\":\"image\\\/jpeg\",\"filesize\":28531},\"large\":{\"file\":\"SCHIRN-ROTUNDE-03-750x1024.jpg\",\"width\":750,\"height\":1024,\"mime-type\":\"image\\\/jpeg\",\"filesize\":219305},\"medium_large\":{\"file\":\"SCHIRN-ROTUNDE-03-768x1049.jpg\",\"width\":768,\"height\":1049,\"mime-type\":\"image\\\/jpeg\",\"filesize\":227746},\"1536x1536\":{\"file\":\"SCHIRN-ROTUNDE-03-1124x1536.jpg\",\"width\":1124,\"height\":1536,\"mime-type\":\"image\\\/jpeg\",\"filesize\":420801},\"2048x2048\":{\"file\":\"SCHIRN-ROTUNDE-03-1499x2048.jpg\",\"width\":1499,\"height\":2048,\"mime-type\":\"image\\\/jpeg\",\"filesize\":662863},\"small\":{\"file\":\"SCHIRN-ROTUNDE-03-322x440.jpg\",\"width\":322,\"height\":440,\"mime-type\":\"image\\\/jpeg\",\"filesize\":55119},\"semi\":{\"file\":\"SCHIRN-ROTUNDE-03-425x580.jpg\",\"width\":425,\"height\":580,\"mime-type\":\"image\\\/jpeg\",\"filesize\":87925},\"mobile\":{\"file\":\"SCHIRN-ROTUNDE-03-527x720.jpg\",\"width\":527,\"height\":720,\"mime-type\":\"image\\\/jpeg\",\"filesize\":123424},\"hd\":{\"file\":\"SCHIRN-ROTUNDE-03-937x1280.jpg\",\"width\":937,\"height\":1280,\"mime-type\":\"image\\\/jpeg\",\"filesize\":314359},\"full\":{\"file\":\"SCHIRN-ROTUNDE-03-1405x1920.jpg\",\"width\":1405,\"height\":1920,\"mime-type\":\"image\\\/jpeg\",\"filesize\":598237},\"xxl\":{\"file\":\"SCHIRN-ROTUNDE-03-2963x4048.jpg\",\"width\":2963,\"height\":4048,\"mime-type\":\"image\\\/jpeg\",\"filesize\":1905691},\"original\":{\"file\":\"SCHIRN-ROTUNDE-03.jpg\",\"width\":5587,\"height\":7633}},\n\"alt\" : \"View through a round, glass-covered light design with geometric patterns and a bright sky.\",\n\"path\" : \"\\\/wp-content\\\/uploads\\\/2024\\\/09\\\/\",\n\"video\" : null,\n\"autoplay\" : null,\n\"youtube\" : null,\n\"youtubelabel\" : \"play\",\n\"brightness\" : 100,\n\"crop\" : {\"x\":0.5,\"y\":0.5},\n\"background\" : true,\n\"scale\" : 1,\n\"zoom\" : false,\n\"annotations\" : null}<\/script>\n<div class=\"height-container \" style=\"padding-bottom:100%;   \">\n\t<div class=\"height-container-contents lazy-media-contents\">\n\t\n\t<div class=\"lazy-media-preview\" style=\"background-image: url('data:image\/jpeg;base64,\/9j\/4AAQSkZJRgABAQEAYABgAAD\/\/gA7Q1JFQVRPUjogZ2QtanBlZyB2MS4wICh1c2luZyBJSkcgSlBFRyB2NjIpLCBxdWFsaXR5ID0gOTAK\/9sAQwADAgIDAgIDAwMDBAMDBAUIBQUEBAUKBwcGCAwKDAwLCgsLDQ4SEA0OEQ4LCxAWEBETFBUVFQwPFxgWFBgSFBUU\/9sAQwEDBAQFBAUJBQUJFA0LDRQUFBQUFBQUFBQUFBQUFBQUFBQUFBQUFBQUFBQUFBQUFBQUFBQUFBQUFBQUFBQUFBQU\/8AAEQgAIAAYAwEiAAIRAQMRAf\/EAB8AAAEFAQEBAQEBAAAAAAAAAAABAgMEBQYHCAkKC\/\/EALUQAAIBAwMCBAMFBQQEAAABfQECAwAEEQUSITFBBhNRYQcicRQygZGhCCNCscEVUtHwJDNicoIJChYXGBkaJSYnKCkqNDU2Nzg5OkNERUZHSElKU1RVVldYWVpjZGVmZ2hpanN0dXZ3eHl6g4SFhoeIiYqSk5SVlpeYmZqio6Slpqeoqaqys7S1tre4ubrCw8TFxsfIycrS09TV1tfY2drh4uPk5ebn6Onq8fLz9PX29\/j5+v\/EAB8BAAMBAQEBAQEBAQEAAAAAAAABAgMEBQYHCAkKC\/\/EALURAAIBAgQEAwQHBQQEAAECdwABAgMRBAUhMQYSQVEHYXETIjKBCBRCkaGxwQkjM1LwFWJy0QoWJDThJfEXGBkaJicoKSo1Njc4OTpDREVGR0hJSlNUVVZXWFlaY2RlZmdoaWpzdHV2d3h5eoKDhIWGh4iJipKTlJWWl5iZmqKjpKWmp6ipqrKztLW2t7i5usLDxMXGx8jJytLT1NXW19jZ2uLj5OXm5+jp6vLz9PX29\/j5+v\/aAAwDAQACEQMRAD8A3RdTahqjT3knlzzZDkdDxir+l6VDa7nl2u8K4jYjBB9vrWpa6Pb2cBneIR27N5anq0h7nNdLpWgafqC7MMjdAVbODX3sailRvBe6tPuPho4dqp7z1ev3nGDTooUEl86r5jF32jczfhRSanp8tjrl9Yo26a3bh84LqfT3oqVPnSaZMqEYyaa1PUdR0GCXTDpm+Nnjcz2rZA81TyQD6g9qx7Ka503ekOm3Et0OmU2oPcmub1DWE8UXxj0258mHO7M5wpP+yf4T7Vp2nhHWL+zVrrULpbYg5AnyuPrXytLGVaNNwUlZ9+h9LOnTqSUpRd\/Iw9TfdrDSK4ubxFZppY+VDnsPXFFddDoem+HdNMqNGVA\/1hb5M\/XuaKzjmEqa5YmM8GqsnKWh\/9k='); background-position: 50% 50%; height: 100%; width: 100%;\"><\/div>\n\n\t\t<lazy-media-inline inline-template>\n\t\t<div>\n\t\t\t<lazy-media :inline=\"true\" :alt=\"alt\" :sizes=\"sizes\" :scale=\"scale\" :zoom=\"zoom\" :brightness=\"brightness\" :path=\"path\" :video=\"video\" :autoplay=\"autoplay\" :youtube=\"youtube\" :crop=\"crop\" :youtubelabel=\"youtubelabel\" :annotations=\"annotations\" :background=\"background\" v-if=\"sizes\"><\/lazy-media>\n\t\t<\/div>\n\t<\/lazy-media-inline>\n\t\t\t<\/div>\n<\/div>\n\n\n\n\n\n\n<\/figure>\n\n\t\t<\/div>\n<\/div>\n\n\n<div  class='teaser-grid-overlay-text'>\n\n<div  class='teaser-grid-overlay-text-button'>\n\n<div  class='ho-button is-text is-large has-outgoing-link-icon-right'>\n\n<div  class='ho-button-icon icon-arrow-right'><\/div>\n\n\n<span class=\"ho-sd-teaser-headline-medium\">Accessibility<\/span><\/div>\n<\/div>\n<\/div>\n<\/a><\/li>\n\n\n<li class=\"wp-block-ho-lane-item col margin-bottom-5 col-xs-12 col-md-4 image-border-radius-small\"><a href=\"https:\/\/staging.schirn.de\/en\/faq\/\" class=\"wp-block-ho-teaser teaser teaser-page \">\n\t\n\n<div  class='teaser-grid-overlay-image'><div class=\"wp-block-ho-post-image \"><figure itemscope itemtype=\"http:\/\/schema.org\/ImageObject\" class=\"lazy-media-inline \" role=\"group\" aria-describedby=\"media_69ea0b0176966\">\n<script type=\"application\/json\">{\n\"id\" : 3363,\n\"sizes\" : {\"medium\":{\"file\":\"22.11.03_SCHIRN_Chagall_EK-454-1-200x300.jpg\",\"width\":200,\"height\":300,\"mime-type\":\"image\\\/jpeg\",\"filesize\":10299},\"large\":{\"file\":\"22.11.03_SCHIRN_Chagall_EK-454-1-683x1024.jpg\",\"width\":683,\"height\":1024,\"mime-type\":\"image\\\/jpeg\",\"filesize\":82183},\"medium_large\":{\"file\":\"22.11.03_SCHIRN_Chagall_EK-454-1-768x1152.jpg\",\"width\":768,\"height\":1152,\"mime-type\":\"image\\\/jpeg\",\"filesize\":101350},\"1536x1536\":{\"file\":\"22.11.03_SCHIRN_Chagall_EK-454-1-1024x1536.jpg\",\"width\":1024,\"height\":1536,\"mime-type\":\"image\\\/jpeg\",\"filesize\":169777},\"2048x2048\":{\"file\":\"22.11.03_SCHIRN_Chagall_EK-454-1-1365x2048.jpg\",\"width\":1365,\"height\":2048,\"mime-type\":\"image\\\/jpeg\",\"filesize\":290227},\"small\":{\"file\":\"22.11.03_SCHIRN_Chagall_EK-454-1-293x440.jpg\",\"width\":293,\"height\":440,\"mime-type\":\"image\\\/jpeg\",\"filesize\":19148},\"semi\":{\"file\":\"22.11.03_SCHIRN_Chagall_EK-454-1-387x580.jpg\",\"width\":387,\"height\":580,\"mime-type\":\"image\\\/jpeg\",\"filesize\":30572},\"mobile\":{\"file\":\"22.11.03_SCHIRN_Chagall_EK-454-1-480x720.jpg\",\"width\":480,\"height\":720,\"mime-type\":\"image\\\/jpeg\",\"filesize\":43774},\"hd\":{\"file\":\"22.11.03_SCHIRN_Chagall_EK-454-1-853x1280.jpg\",\"width\":853,\"height\":1280,\"mime-type\":\"image\\\/jpeg\",\"filesize\":122560},\"full\":{\"file\":\"22.11.03_SCHIRN_Chagall_EK-454-1-1280x1920.jpg\",\"width\":1280,\"height\":1920,\"mime-type\":\"image\\\/jpeg\",\"filesize\":256284},\"xxl\":{\"file\":\"22.11.03_SCHIRN_Chagall_EK-454-1-2699x4048.jpg\",\"width\":2699,\"height\":4048,\"mime-type\":\"image\\\/jpeg\",\"filesize\":1149188},\"original\":{\"file\":\"22.11.03_SCHIRN_Chagall_EK-454-1.jpg\",\"width\":2800,\"height\":4200}},\n\"alt\" : \"\",\n\"path\" : \"\\\/wp-content\\\/uploads\\\/2024\\\/10\\\/\",\n\"video\" : null,\n\"autoplay\" : null,\n\"youtube\" : null,\n\"youtubelabel\" : \"play\",\n\"brightness\" : 100,\n\"crop\" : {\"x\":0.5,\"y\":0.5},\n\"background\" : true,\n\"scale\" : 1,\n\"zoom\" : false,\n\"annotations\" : null}<\/script>\n<div class=\"height-container \" style=\"padding-bottom:100%;   \">\n\t<div class=\"height-container-contents lazy-media-contents\">\n\t\n\t<div class=\"lazy-media-preview\" style=\"background-image: url('data:image\/jpeg;base64,\/9j\/4AAQSkZJRgABAQEAYABgAAD\/\/gA7Q1JFQVRPUjogZ2QtanBlZyB2MS4wICh1c2luZyBJSkcgSlBFRyB2NjIpLCBxdWFsaXR5ID0gOTAK\/9sAQwADAgIDAgIDAwMDBAMDBAUIBQUEBAUKBwcGCAwKDAwLCgsLDQ4SEA0OEQ4LCxAWEBETFBUVFQwPFxgWFBgSFBUU\/9sAQwEDBAQFBAUJBQUJFA0LDRQUFBQUFBQUFBQUFBQUFBQUFBQUFBQUFBQUFBQUFBQUFBQUFBQUFBQUFBQUFBQUFBQU\/8AAEQgAJAAYAwEiAAIRAQMRAf\/EAB8AAAEFAQEBAQEBAAAAAAAAAAABAgMEBQYHCAkKC\/\/EALUQAAIBAwMCBAMFBQQEAAABfQECAwAEEQUSITFBBhNRYQcicRQygZGhCCNCscEVUtHwJDNicoIJChYXGBkaJSYnKCkqNDU2Nzg5OkNERUZHSElKU1RVVldYWVpjZGVmZ2hpanN0dXZ3eHl6g4SFhoeIiYqSk5SVlpeYmZqio6Slpqeoqaqys7S1tre4ubrCw8TFxsfIycrS09TV1tfY2drh4uPk5ebn6Onq8fLz9PX29\/j5+v\/EAB8BAAMBAQEBAQEBAQEAAAAAAAABAgMEBQYHCAkKC\/\/EALURAAIBAgQEAwQHBQQEAAECdwABAgMRBAUhMQYSQVEHYXETIjKBCBRCkaGxwQkjM1LwFWJy0QoWJDThJfEXGBkaJicoKSo1Njc4OTpDREVGR0hJSlNUVVZXWFlaY2RlZmdoaWpzdHV2d3h5eoKDhIWGh4iJipKTlJWWl5iZmqKjpKWmp6ipqrKztLW2t7i5usLDxMXGx8jJytLT1NXW19jZ2uLj5OXm5+jp6vLz9PX29\/j5+v\/aAAwDAQACEQMRAD8A9m8O+BUlVTgGulk+HsYizgV8dfBr9ofxd4tinSXWYbJI2AWWbChvp716R4q+I\/jDStf06z\/4SNRaThWMhUYfPYV5eHweMxGHeISikk3q30+R118XQoVlQbbfkj0bxJ4R+yEkLxRXfTWkd74V0+beJWaFSzg5yaK5ac+aCl3OxqzsfmH+zl4n0qLxNL4Y1+OP7JdOBFdPx5TZr6J\/aJ0HVdLt9NbS3tr6C3jAgkhcEjjgkV8M+ONUtrfxRJJYHyY2OQVPQ16B8Kfilqd9O1hc3Ut0MfK0jlsAdua+zyaNDNaUMvxPuqXVbvrZny+aOrl1eeNoe810e3a6Ptz9l3xRrtzpkmiavfG8VLfziG\/5ZuT90H6UV4v4O+LUng7UbYkEKZ1d5P8AZ7iissVwvi8NWlTp6xu7enQ0w2fYevSjOppKyv6nwvqt1JcTF3OW3V1HwslaPWQynBAJBooqMl0xlG3dFZrrh6voz6I8J2sWr+JNItrtBLDLcKrqe4NFFFfY8UzlHFU+V2939T5rIIRlQlddf0P\/2Q=='); background-position: 50% 50%; height: 100%; width: 100%;\"><\/div>\n\n\t\t<lazy-media-inline inline-template>\n\t\t<div>\n\t\t\t<lazy-media :inline=\"true\" :alt=\"alt\" :sizes=\"sizes\" :scale=\"scale\" :zoom=\"zoom\" :brightness=\"brightness\" :path=\"path\" :video=\"video\" :autoplay=\"autoplay\" :youtube=\"youtube\" :crop=\"crop\" :youtubelabel=\"youtubelabel\" :annotations=\"annotations\" :background=\"background\" v-if=\"sizes\"><\/lazy-media>\n\t\t<\/div>\n\t<\/lazy-media-inline>\n\t\t\t<\/div>\n<\/div>\n\n\n\n\n\n\n<\/figure>\n\n\t\t<\/div>\n<\/div>\n\n\n<div  class='teaser-grid-overlay-text'>\n\n<div  class='teaser-grid-overlay-text-button'>\n\n<div  class='ho-button is-text is-large has-outgoing-link-icon-right'>\n\n<div  class='ho-button-icon icon-arrow-right'><\/div>\n\n\n<span class=\"ho-sd-teaser-headline-medium\">Questions &#038; Answers<\/span><\/div>\n<\/div>\n<\/div>\n<\/a><\/li>\n\n\t\t\t<\/ul>\n\t\t<\/div>\n\t<\/div>\n\t<\/div>\n<\/div>\n<\/div>\n<\/div>\n<\/section>","protected":false},"excerpt":{"rendered":"","protected":false},"author":26,"featured_media":844,"parent":0,"menu_order":17,"comment_status":"closed","ping_status":"closed","template":"","meta":{"_acf_changed":false,"ho_image_focal_point":"","footnotes":""},"class_list":["post-25976","page","type-page","status-publish","has-post-thumbnail","hentry"],"acf":{"seo_titel":"","keywords":"\u00d6ffnungszeiten, Schlie\u00dfzeiten, regul\u00e4re \u00d6ffnungszeiten, Sonder\u00f6ffnungszeiten, Museum offen, SCHIRN","noindex":false,"redirect":"","relevancy":"0","post_type_label":false},"_links":{"self":[{"href":"https:\/\/staging.schirn.de\/en\/wp-json\/wp\/v2\/pages\/25976","targetHints":{"allow":["GET"]}}],"collection":[{"href":"https:\/\/staging.schirn.de\/en\/wp-json\/wp\/v2\/pages"}],"about":[{"href":"https:\/\/staging.schirn.de\/en\/wp-json\/wp\/v2\/types\/page"}],"author":[{"embeddable":true,"href":"https:\/\/staging.schirn.de\/en\/wp-json\/wp\/v2\/users\/26"}],"replies":[{"embeddable":true,"href":"https:\/\/staging.schirn.de\/en\/wp-json\/wp\/v2\/comments?post=25976"}],"version-history":[{"count":11,"href":"https:\/\/staging.schirn.de\/en\/wp-json\/wp\/v2\/pages\/25976\/revisions"}],"predecessor-version":[{"id":44873,"href":"https:\/\/staging.schirn.de\/en\/wp-json\/wp\/v2\/pages\/25976\/revisions\/44873"}],"wp:featuredmedia":[{"embeddable":true,"href":"https:\/\/staging.schirn.de\/en\/wp-json\/wp\/v2\/media\/844"}],"wp:attachment":[{"href":"https:\/\/staging.schirn.de\/en\/wp-json\/wp\/v2\/media?parent=25976"}],"curies":[{"name":"wp","href":"https:\/\/api.w.org\/{rel}","templated":true}]}}